{"id":8997,"date":"2023-03-25T16:13:09","date_gmt":"2023-03-25T16:13:09","guid":{"rendered":"https:\/\/patologiadual.es\/adcom2025\/?page_id=8997"},"modified":"2025-06-11T15:38:56","modified_gmt":"2025-06-11T15:38:56","slug":"sede","status":"publish","type":"page","link":"https:\/\/patologiadual.es\/adcom2025\/sede\/","title":{"rendered":"Sede"},"content":{"rendered":"<div class=\"wpb-content-wrapper\">[mk_page_section vertical_align=&#8221;bottom&#8221; attachment=&#8221;fixed&#8221; bg_position=&#8221;center top&#8221; bg_repeat=&#8221;no-repeat&#8221; bg_stretch=&#8221;true&#8221; enable_3d=&#8221;true&#8221; min_height=&#8221;200&#8243; padding_bottom=&#8221;30&#8243; top_shape_style=&#8221;curve-top&#8221; top_shape_size=&#8221;small&#8221; sidebar=&#8221;sidebar-1&#8243; first_page=&#8221;false&#8221; last_page=&#8221;false&#8221;][vc_column css=&#8221;.vc_custom_1573295620031{margin-bottom: -10px !important;border-bottom-width: -10px !important;padding-bottom: -10px !important;}&#8221;][vc_row_inner attached=&#8221;true&#8221; is_fullwidth_content=&#8221;false&#8221; column_padding=&#8221;2&#8243; css=&#8221;.vc_custom_1718557499304{border-top-width: 1px !important;border-right-width: 1px !important;border-bottom-width: 0px !important;border-left-width: 1px !important;background-color: #ffffff !important;border-left-style: solid !important;border-right-style: solid !important;border-top-style: solid !important;border-bottom-style: solid !important;border-radius: 3px !important;border-color: #e2e2e2 !important;}&#8221;][vc_column_inner][vc_column_text css=&#8221;.vc_custom_1718560255280{margin-bottom: 0px !important;}&#8221;]\n<h3 class=\"uppercase\"><span class=\"fancy-underline\">SEDE<\/span><\/h3>\n<p>El evento tendr\u00e1 lugar en el Aula Magna del Hospital Gregorio Mara\u00f1\u00f3n de Madrid.<\/p>\n<p>Hospital General Universitario Gregorio Mara\u00f1on<br \/>\nPabell\u00f3n docente, Aula Magna<br \/>\nC. de Ibiza, 45, Retiro, 28009 Madrid[\/vc_column_text][vc_column_text css=&#8221;.vc_custom_1718553297908{margin-bottom: 0px !important;}&#8221;]<a href=\"https:\/\/www.comunidad.madrid\/hospital\/gregoriomaranon\/\" target=\"_blank\" rel=\"noopener\"><img loading=\"lazy\" decoding=\"async\" class=\"alignnone wp-image-9072 size-medium\" src=\"https:\/\/patologiadual.es\/adcom2025\/wp-content\/uploads\/2023\/04\/hgugm-300x68.png\" alt=\"\" width=\"300\" height=\"68\" srcset=\"https:\/\/patologiadual.es\/adcom2025\/wp-content\/uploads\/2023\/04\/hgugm-300x68.png 300w, https:\/\/patologiadual.es\/adcom2025\/wp-content\/uploads\/2023\/04\/hgugm.png 349w\" sizes=\"auto, (max-width: 300px) 100vw, 300px\" \/><\/a>[\/vc_column_text][vc_column_text css=&#8221;.vc_custom_1718554991016{margin-bottom: 0px !important;}&#8221;]<img loading=\"lazy\" decoding=\"async\" class=\"wp-image-9145 size-full alignnone\" src=\"https:\/\/patologiadual.es\/adcom2025\/wp-content\/uploads\/2024\/06\/aula_magna_18_0.jpg\" alt=\"\" width=\"1170\" height=\"300\" srcset=\"https:\/\/patologiadual.es\/adcom2025\/wp-content\/uploads\/2024\/06\/aula_magna_18_0.jpg 1170w, https:\/\/patologiadual.es\/adcom2025\/wp-content\/uploads\/2024\/06\/aula_magna_18_0-600x154.jpg 600w, https:\/\/patologiadual.es\/adcom2025\/wp-content\/uploads\/2024\/06\/aula_magna_18_0-300x77.jpg 300w, https:\/\/patologiadual.es\/adcom2025\/wp-content\/uploads\/2024\/06\/aula_magna_18_0-1024x263.jpg 1024w, https:\/\/patologiadual.es\/adcom2025\/wp-content\/uploads\/2024\/06\/aula_magna_18_0-768x197.jpg 768w\" sizes=\"auto, (max-width: 1170px) 100vw, 1170px\" \/>[\/vc_column_text][\/vc_column_inner][\/vc_row_inner][vc_row_inner is_fullwidth_content=&#8221;false&#8221; css=&#8221;.vc_custom_1718557529702{border-top-width: 0px !important;border-right-width: 1px !important;border-bottom-width: 0px !important;border-left-width: 1px !important;background-color: #ffffff !important;border-left-style: solid !important;border-right-style: solid !important;border-top-style: solid !important;border-bottom-style: solid !important;border-radius: 3px !important;border-color: #e8e8e8 !important;}&#8221;][vc_column_inner width=&#8221;1\/3&#8243;][vc_column_text css=&#8221;.vc_custom_1718555654369{margin-bottom: 0px !important;}&#8221;]<img loading=\"lazy\" decoding=\"async\" class=\"size-medium wp-image-8936 alignnone\" src=\"https:\/\/patologiadual.es\/adcom2025\/wp-content\/uploads\/2023\/03\/aforo-limitado-300x128.png\" alt=\"\" width=\"300\" height=\"128\" srcset=\"https:\/\/patologiadual.es\/adcom2025\/wp-content\/uploads\/2023\/03\/aforo-limitado-300x128.png 300w, https:\/\/patologiadual.es\/adcom2025\/wp-content\/uploads\/2023\/03\/aforo-limitado.png 325w\" sizes=\"auto, (max-width: 300px) 100vw, 300px\" \/>[\/vc_column_text][\/vc_column_inner][vc_column_inner width=&#8221;1\/3&#8243;][mk_contact_info phone=&#8221;+34 611834469&#8243; address=&#8221;Calle de Ibiza, 45, Retiro, 28009 Madrid&#8221; website=&#8221;https:\/\/www.comunidad.madrid\/hospital\/gregoriomaranon\/&#8221;][\/vc_column_inner][vc_column_inner width=&#8221;1\/3&#8243;][vc_btn title=&#8221;<b>INSCRIPCI\u00d3N ONLINE<\/b>&#8221; style=&#8221;flat&#8221; color=&#8221;primary&#8221; size=&#8221;lg&#8221; align=&#8221;center&#8221; i_align=&#8221;right&#8221; i_icon_fontawesome=&#8221;fas fa-long-arrow-alt-right&#8221; css=&#8221;&#8221; button_block=&#8221;true&#8221; add_icon=&#8221;true&#8221; link=&#8221;url:https%3A%2F%2Famconferences.eventsair.com%2Fadcom2024%2Fregistro|target:_blank&#8221;][\/vc_column_inner][\/vc_row_inner][vc_row_inner attached=&#8221;true&#8221; is_fullwidth_content=&#8221;false&#8221; column_padding=&#8221;2&#8243; css=&#8221;.vc_custom_1718557604354{border-right-width: 1px !important;border-left-width: 1px !important;background-color: #ffffff !important;border-left-style: solid !important;border-right-style: solid !important;border-color: #e2e2e2 !important;}&#8221;][vc_column_inner][mk_gallery images=&#8221;9146,9150,9148&#8243; height=&#8221;200&#8243; overlay_color=&#8221;rgba(0,0,0,0)&#8221; orderby=&#8221;post__in&#8221;][\/vc_column_inner][\/vc_row_inner][vc_row_inner is_fullwidth_content=&#8221;false&#8221;][vc_column_inner][mk_ornamental_title title_as=&#8221;image&#8221; ornament_color=&#8221;#1e73be&#8221;]Sede[\/mk_ornamental_title][\/vc_column_inner][\/vc_row_inner][\/vc_column][\/mk_page_section][vc_row fullwidth=&#8221;true&#8221; css=&#8221;.vc_custom_1679761318163{background-color: #ffffff !important;}&#8221;][vc_column][vc_gmaps link=&#8221;#E-8_JTNDaWZyYW1lJTIwc3JjJTNEJTIyaHR0cHMlM0ElMkYlMkZ3d3cuZ29vZ2xlLmNvbSUyRm1hcHMlMkZlbWJlZCUzRnBiJTNEJTIxMW0xOCUyMTFtMTIlMjExbTMlMjExZDMwMzcuNTc5MTIxNjkxNDk0JTIxMmQtMy42NzMwMTk0MjMyOTg3NTQ3JTIxM2Q0MC40MTgxNzM2NzE0Mzk1MDQlMjEybTMlMjExZjAlMjEyZjAlMjEzZjAlMjEzbTIlMjExaTEwMjQlMjEyaTc2OCUyMTRmMTMuMSUyMTNtMyUyMTFtMiUyMTFzMHhkNDIyOGE4ZGE5MzQyODklMjUzQTB4NGRlNDY4M2NiZTRlYTQ4YSUyMTJzUGFiZWxsJTI1QzMlMjVCM24lMjUyMERvY2VudGUlMjE1ZTAlMjEzbTIlMjExc2VzJTIxMnNlcyUyMTR2MTcxODU1NDcwMzEwMyUyMTVtMiUyMTFzZXMlMjEyc2VzJTIyJTIwd2lkdGglM0QlMjI4MDAlMjIlMjBoZWlnaHQlM0QlMjI2MDAlMjIlMjBzdHlsZSUzRCUyMmJvcmRlciUzQTAlM0IlMjIlMjBhbGxvd2Z1bGxzY3JlZW4lM0QlMjIlMjIlMjBsb2FkaW5nJTNEJTIybGF6eSUyMiUyMHJlZmVycmVycG9saWN5JTNEJTIybm8tcmVmZXJyZXItd2hlbi1kb3duZ3JhZGUlMjIlM0UlM0MlMkZpZnJhbWUlM0U=&#8221; css=&#8221;&#8221;][\/vc_column][\/vc_row]\n<\/div>","protected":false},"excerpt":{"rendered":"<p>[mk_page_section vertical_align=&#8221;bottom&#8221; attachment=&#8221;fixed&#8221; bg_position=&#8221;center top&#8221; bg_repeat=&#8221;no-repeat&#8221; bg_stretch=&#8221;true&#8221; enable_3d=&#8221;true&#8221; min_height=&#8221;200&#8243; padding_bottom=&#8221;30&#8243; top_shape_style=&#8221;curve-top&#8221; top_shape_size=&#8221;small&#8221; sidebar=&#8221;sidebar-1&#8243; first_page=&#8221;false&#8221; last_page=&#8221;false&#8221;][vc_column css=&#8221;.vc_custom_1573295620031{margin-bottom: -10px !important;border-bottom-width: -10px !important;padding-bottom: -10px !important;}&#8221;][vc_row_inner attached=&#8221;true&#8221; is_fullwidth_content=&#8221;false&#8221; column_padding=&#8221;2&#8243; css=&#8221;.vc_custom_1718557499304{border-top-width: 1px !important;border-right-width: 1px !important;border-bottom-width: 0px !important;border-left-width: 1px !important;background-color: #ffffff !important;border-left-style: solid !important;border-right-style: solid !important;border-top-style: solid !important;border-bottom-style: solid !important;border-radius: 3px !important;border-color: #e2e2e2 !important;}&#8221;][vc_column_inner][vc_column_text css=&#8221;.vc_custom_1718560255280{margin-bottom: 0px !important;}&#8221;] SEDE El evento tendr\u00e1 [&hellip;]<\/p>\n","protected":false},"author":3297,"featured_media":0,"parent":0,"menu_order":0,"comment_status":"closed","ping_status":"closed","template":"","meta":{"footnotes":""},"class_list":["post-8997","page","type-page","status-publish","hentry"],"jetpack_sharing_enabled":true,"_links":{"self":[{"href":"https:\/\/patologiadual.es\/adcom2025\/wp-json\/wp\/v2\/pages\/8997","targetHints":{"allow":["GET"]}}],"collection":[{"href":"https:\/\/patologiadual.es\/adcom2025\/wp-json\/wp\/v2\/pages"}],"about":[{"href":"https:\/\/patologiadual.es\/adcom2025\/wp-json\/wp\/v2\/types\/page"}],"author":[{"embeddable":true,"href":"https:\/\/patologiadual.es\/adcom2025\/wp-json\/wp\/v2\/users\/3297"}],"replies":[{"embeddable":true,"href":"https:\/\/patologiadual.es\/adcom2025\/wp-json\/wp\/v2\/comments?post=8997"}],"version-history":[{"count":15,"href":"https:\/\/patologiadual.es\/adcom2025\/wp-json\/wp\/v2\/pages\/8997\/revisions"}],"predecessor-version":[{"id":9320,"href":"https:\/\/patologiadual.es\/adcom2025\/wp-json\/wp\/v2\/pages\/8997\/revisions\/9320"}],"wp:attachment":[{"href":"https:\/\/patologiadual.es\/adcom2025\/wp-json\/wp\/v2\/media?parent=8997"}],"curies":[{"name":"wp","href":"https:\/\/api.w.org\/{rel}","templated":true}]}}