{"id":8964,"date":"2023-03-25T11:28:37","date_gmt":"2023-03-25T11:28:37","guid":{"rendered":"https:\/\/patologiadual.es\/adcom2025\/?page_id=8964"},"modified":"2023-03-25T11:28:47","modified_gmt":"2023-03-25T11:28:47","slug":"politica-de-cookies","status":"publish","type":"page","link":"https:\/\/patologiadual.es\/adcom2025\/politica-de-cookies\/","title":{"rendered":"Pol\u00edtica de Cookies"},"content":{"rendered":"<div class=\"wpb-content-wrapper\">[mk_page_section vertical_align=&#8221;bottom&#8221; bg_image=&#8221;https:\/\/patologiadual.es\/adcom2025\/wp-content\/uploads\/2020\/02\/bg-social-media-1.png&#8221; bg_color=&#8221;#ffffff&#8221; attachment=&#8221;fixed&#8221; bg_position=&#8221;center top&#8221; bg_repeat=&#8221;no-repeat&#8221; bg_stretch=&#8221;true&#8221; enable_3d=&#8221;true&#8221; min_height=&#8221;200&#8243; full_width=&#8221;true&#8221; padding_bottom=&#8221;30&#8243; top_shape_style=&#8221;curve-top&#8221; top_shape_size=&#8221;small&#8221; sidebar=&#8221;sidebar-1&#8243; first_page=&#8221;false&#8221; last_page=&#8221;false&#8221;][vc_column css=&#8221;.vc_custom_1573295620031{margin-bottom: -10px !important;border-bottom-width: -10px !important;padding-bottom: -10px !important;}&#8221;][vc_row_inner is_fullwidth_content=&#8221;false&#8221;][vc_column_inner width=&#8221;1\/12&#8243;][\/vc_column_inner][vc_column_inner width=&#8221;10\/12&#8243;][mk_custom_box corner_radius=&#8221;3&#8243; bg_color=&#8221;#ffffff&#8221; border_color_style=&#8221;single_color&#8221; border_color=&#8221;#d3d3d3&#8243;][mk_fancy_title color=&#8221;#4c86bd&#8221; size=&#8221;22&#8243; force_font_size=&#8221;true&#8221; size_smallscreen=&#8221;18&#8243; size_tablet=&#8221;18&#8243; size_phone=&#8221;18&#8243; line_height=&#8221;176&#8243; font_style=&#8221;normal&#8221; txt_transform=&#8221;none&#8221; margin_bottom=&#8221;0&#8243; font_family=&#8221;none&#8221; responsive_align=&#8221;left&#8221; drop_shadow=&#8221;true&#8221; shadow_distance=&#8221;10&#8243; shadow_blur=&#8221;34&#8243; shadow_color=&#8221;#ffffff&#8221;]Uso de cookies[\/mk_fancy_title][mk_fancy_title color=&#8221;#000000&#8243; size=&#8221;16&#8243; force_font_size=&#8221;true&#8221; size_smallscreen=&#8221;14&#8243; size_tablet=&#8221;14&#8243; size_phone=&#8221;14&#8243; line_height=&#8221;176&#8243; font_style=&#8221;normal&#8221; txt_transform=&#8221;none&#8221; margin_bottom=&#8221;0&#8243; font_family=&#8221;none&#8221; responsive_align=&#8221;left&#8221; drop_shadow=&#8221;true&#8221; shadow_distance=&#8221;10&#8243; shadow_blur=&#8221;34&#8243; shadow_color=&#8221;#ffffff&#8221;]\n<p style=\"text-align: justify;\">En cumplimiento con el deber de informaci\u00f3n recogido en el apartado 2\u00ba del art\u00edculo 22 de la Ley 34\/2002, de 11 de Julio, de Servicios de la Sociedad de la Informaci\u00f3n y del Comercio Electr\u00f3nico, la presente pol\u00edtica de cookies tiene por finalidad informarle de manera clara y precisa sobre las cookies que se utilizan en esta web.<\/p>\n<p style=\"text-align: justify;\"><strong>\u00bfQu\u00e9 son las cookies?<\/strong><\/p>\n<p style=\"text-align: justify;\">Una cookie es un fichero que se descarga en su ordenador al acceder a determinadas p\u00e1ginas web. Las cookies permiten a una p\u00e1gina web, entre otras cosas, almacenar y recuperar informaci\u00f3n sobre h\u00e1bitos de navegaci\u00f3n de un usuario o de su equipo y, dependiendo de la informaci\u00f3n que contengan y de la forma que utilice su equipo, pueden utilizarse para reconocer al usuario.<br \/>\nEste sitio web utiliza cookies y\/o tecnolog\u00edas similares que almacenan y recuperan informaci\u00f3n cuando navegas. En general, estas tecnolog\u00edas pueden servir para finalidades muy diversas, como, por ejemplo, reconocerte como usuario, obtener informaci\u00f3n sobre tus h\u00e1bitos de navegaci\u00f3n, o personalizar la forma en que se muestra el contenido. Los usos concretos que hacemos de estas tecnolog\u00edas se describen a continuaci\u00f3n.<\/p>\n<p style=\"text-align: justify;\"><strong>Tipos de cookies que utiliza esta web<\/strong><\/p>\n<p style=\"text-align: justify;\">Esta p\u00e1gina web utiliza las cookies para una serie de finalidades, incluidas:<br \/>\n<strong>Cookies de an\u00e1lisis:\u00a0<\/strong>Son aquellas que son tratadas por nosotros o por terceros, nos permiten cuantificar el n\u00famero de usuarios y as\u00ed realizar la medici\u00f3n y an\u00e1lisis estad\u00edstico de la utilizaci\u00f3n que hacen los usuarios del servicio ofertado. Para ello se analiza la navegaci\u00f3n en nuestra p\u00e1gina web con el fin de mejorar la misma.<br \/>\nLa aplicaci\u00f3n que utilizamos para obtener y analizar la informaci\u00f3n es<strong>\u00a0Google Analytics.<\/strong><\/p>\n<p style=\"text-align: justify;\">Las cookies utilizadas para esto (_utma, _utmb, _utmc, _utmt y _utmz) son cookies de Terceros.<\/p>\n<p style=\"text-align: justify;\">Estas cookies se utilizan para recoger informaci\u00f3n sobre la navegaci\u00f3n de los usuarios por el sitio con el fin de conocer el origen de las visitas y otros datos similares a nivel estad\u00edstico.<br \/>\nA trav\u00e9s de los siguientes enlaces puede ver el detalle de las cookies que utiliza Google Analitiycs y su prop\u00f3sito:\u00a0<a href=\"https:\/\/developers.google.com\/analytics\/devguides\/collection\/analyticsjs\/cookie-usage\">https:\/\/developers.google.com\/analytics\/devguides\/collection\/analyticsjs\/cookie-usage<\/a>\u00a0y Centro de privacidad de Google<br \/>\n<strong>Publicitarias comportamentales:<\/strong>\u00a0son aquellas que, tratadas por nosotros o por terceros, permiten analizar sus h\u00e1bitos de navegaci\u00f3n en Internet para mostrarle publicidad relacionada con su perfil de navegaci\u00f3n.<\/p>\n<p style=\"text-align: justify;\">Nota: Las cookies de tipo \u2018Propias\u2019 son utilizadas s\u00f3lo por el propietario de esta web y las cookies \u2018De terceros\u2019 son utilizadas, por el prestador del servicio que est\u00e1 detallado en el cuadro anterior.<\/p>\n<p style=\"text-align: justify;\"><strong>Autorizaci\u00f3n para el uso de cookies<\/strong><br \/>\nDe conformidad con el aviso de cookies que aparece en el sitio web, el usuario acepta que, al navegar por el mismo, consiente expresamente el uso de cookies seg\u00fan la descripci\u00f3n que a continuaci\u00f3n se detalla, sin perjuicio que el usuario pueda modificar la configuraci\u00f3n de su navegador para rechazar el uso de las cookies.<\/p>\n<p style=\"text-align: justify;\"><strong>\u00bfQui\u00e9n utiliza las cookies en esta p\u00e1gina web?<\/strong><br \/>\nLa identificaci\u00f3n de qui\u00e9n utiliza las cookies, el tipo de cookies utilizadas y dem\u00e1s detalles, se indica a continuaci\u00f3n:<\/p>\n<table>\n<tbody>\n<tr>\n<td width=\"106\"><strong>Entidad<\/strong><\/td>\n<td width=\"90\"><strong>Tipo<\/strong><\/td>\n<td width=\"270\"><strong>Prop\u00f3sito<\/strong><\/td>\n<td width=\"115\"><strong>M\u00e1s informaci\u00f3n<\/strong><\/td>\n<\/tr>\n<tr>\n<td width=\"106\">Google Analytics<\/td>\n<td width=\"90\">De terceros<\/td>\n<td width=\"270\">Recoger informaci\u00f3n sobre la navegaci\u00f3n de los usuarios por el sitio con el fin de conocer el origen de las visitas y otros datos similares a nivel estad\u00edstico. Google Analytics utiliza tambi\u00e9n estas cookies para mostrarle publicidad relacionada con su perfil de navegaci\u00f3n.<\/td>\n<td width=\"115\"><a href=\"https:\/\/developers.google.com\/analytics\/devguides\/collection\/analyticsjs\/cookie-usage\">Google Analytics<\/a><br \/>\n<a href=\"http:\/\/www.google.com\/intl\/es\/privacy.html\">Centro de privacidad de Google<\/a><\/td>\n<\/tr>\n<\/tbody>\n<\/table>\n<p style=\"text-align: justify;\">Nota: Las cookies de tipo \u201cPropias\u201d son utilizadas s\u00f3lo por el propietario de esta web y las cookies \u201cDe terceros\u201d son utilizadas, tambi\u00e9n, por el prestador del servicio que est\u00e1 detallado la tabla anterior.<br \/>\nPuede informarse de las transferencias a terceros pa\u00edses que, en su caso, realizan los terceros identificados en esta pol\u00edtica de cookies en sus correspondientes pol\u00edticas (ver los enlaces facilitados en el apartado \u201cM\u00e1s informaci\u00f3n\u201d de la tabla anterior).<\/p>\n<p style=\"text-align: justify;\"><strong>Tipos de cookies<\/strong><br \/>\nEn funci\u00f3n de qui\u00e9n gestione el dominio desde donde se env\u00edan las cookies y se traten los datos, se distinguir\u00e1 entre cookies propias y cookies de terceros.<br \/>\nLas cookies tambi\u00e9n pueden clasificarse seg\u00fan el plazo de tiempo que permanezcan almacenadas en el navegador del usuario, distingui\u00e9ndose entre cookies de sesi\u00f3n o cookies persistentes.<br \/>\nFinalmente, en funci\u00f3n de la finalidad para la que se trate la informaci\u00f3n recopilada, las cookies se pueden clasificar en las siguientes categor\u00edas:<\/p>\n<ul style=\"text-align: justify;\">\n<li>Cookies t\u00e9cnicas: permiten al usuario navegar por un sitio web y utilizar algunos de los servicios ofrecidos por el mismo (como por ejemplo, las que sirven para recordar los elementos integrantes de un carrito de compra).<\/li>\n<li>Cookies de personalizaci\u00f3n: permiten que el usuario acceda al sitio web con unas caracter\u00edsticas determinadas, como puede ser el idioma.<\/li>\n<li>Cookies de seguridad: sirven para impedir o dificultar los ataques contra el sitio web.<\/li>\n<li>Cookies de complemento para intercambiar contenidos sociales: los llamados plug-in, que permiten compartir contenidos en redes sociales.<\/li>\n<li>Cookies de an\u00e1lisis: permiten al responsable el seguimiento del comportamiento del usuario.<\/li>\n<li>Cookies publicitarias: permiten gestionar los espacios de publicidad del sitio web.<\/li>\n<li>Cookies de publicidad comportamental: como las anteriores, sirven para gestionar los espacios de publicidad del sitio web en funci\u00f3n de la informaci\u00f3n recogida sobre el comportamiento del usuario y sus h\u00e1bitos, adaptando la publicidad al perfil del usuario.<\/li>\n<li>Cookies de geolocalizaci\u00f3n: utilizadas para averiguar el pa\u00eds d\u00f3nde se encuentra el usuario<\/li>\n<\/ul>\n<p style=\"text-align: justify;\"><strong>C\u00f3mo modificar la configuraci\u00f3n de las cookies<\/strong><\/p>\n<p style=\"text-align: justify;\">Usted puede restringir, bloquear o borrar las cookies de esta web o cualquier otra p\u00e1gina web utilizando su navegador. En cada navegador la operativa es diferente, puede encontrar c\u00f3mo hacerlo en el men\u00fa de ayuda de su navegador d\u00f3nde se establece el procedimiento para su eliminaci\u00f3n. Para m\u00e1s informaci\u00f3n:<\/p>\n<ul style=\"text-align: justify;\">\n<li>Google Chrome:\u00a0<a href=\"https:\/\/support.google.com\/chrome\/answer\/95647?co=GENIE.Platform%3DDesktop&amp;hl=es\">https:\/\/support.google.com\/chrome\/answer\/95647?co=GENIE.Platform%3DDesktop&amp;hl=es<\/a><\/li>\n<li>Mozilla Firefox:\u00a0<a href=\"https:\/\/support.mozilla.org\/es\/kb\/habilitar-y-deshabilitar-cookies-sitios-web-rastrear-preferencias\">https:\/\/support.mozilla.org\/es\/kb\/habilitar-y-deshabilitar-cookies-sitios-web-rastrear-preferencias<\/a><\/li>\n<li>Safari:\u00a0<a href=\"https:\/\/support.apple.com\/es-es\/guide\/safari\/sfri11471\/mac\">https:\/\/support.apple.com\/es-es\/guide\/safari\/sfri11471\/mac<\/a><\/li>\n<li>Internet Explorer:\u00a0<a href=\"https:\/\/support.microsoft.com\/es-es\/help\/278835\/how-to-delete-cookie-files-in-internet-explorer\">https:\/\/support.microsoft.com\/es-es\/help\/278835\/how-to-delete-cookie-files-in-internet-explorer<\/a><\/li>\n<li>Firefox:\u00a0<a href=\"http:\/\/support.mozilla.org\/es\/kb\/habilitar-y-deshabilitar-cookies-que-los-sitios-we\">http:\/\/support.mozilla.org\/es\/kb\/habilitar-y-deshabilitar-cookies-que-los-sitios-we<\/a><\/li>\n<li>Microsoft Edge:\u00a0<a href=\"https:\/\/support.microsoft.com\/es-es\/help\/4027947\/microsoft-edge-delete-cookies\">https:\/\/support.microsoft.com\/es-es\/help\/4027947\/microsoft-edge-delete-cookies<\/a><\/li>\n<li>Opera:\u00a0<a href=\"http:\/\/help.opera.com\/Windows\/11.50\/es-ES\/cookies.html\">http:\/\/help.opera.com\/Windows\/11.50\/es-ES\/cookies.html<\/a><\/li>\n<\/ul>\n<p style=\"text-align: justify;\">Es posible que al deshabilitar las cookies la p\u00e1gina web no funcione correctamente o no pueda acceder a determinadas funciones de la misma.<\/p>\n<p style=\"text-align: justify;\"><strong><u>Otros navegadores<\/u><\/strong><\/p>\n<p style=\"text-align: justify;\">Consulte la documentaci\u00f3n del navegador que tenga instalado.<br \/>\nComplemento de inhabilitaci\u00f3n para navegadores de\u00a0<strong>Google Analytics<\/strong>.<\/p>\n<p style=\"text-align: justify;\">Si desea rechazar las cookies anal\u00edticas de Google Analytics en todos los navegadores, de forma que no se env\u00ede informaci\u00f3n suya a Google Analytics, puede descargar un complemento que realiza esta funci\u00f3n desde este enlace:\u00a0<a href=\"https:\/\/tools.google.com\/dlpage\/gaoptout.\">https:\/\/tools.google.com\/dlpage\/gaoptout.<\/a><\/p>\n<p style=\"text-align: justify;\"><strong><u>Modificaci\u00f3n de las condiciones<\/u><\/strong><\/p>\n<p style=\"text-align: justify;\">ADCOM 2024\u00a0se reserva expresamente el derecho a modificar unilateralmente, total o parcialmente, sin necesidad de previo aviso, la presente Pol\u00edtica de Cookies. El usuario reconoce y acepta que es su responsabilidad revisar la presente Pol\u00edtica de Cookies.<\/p>\n<p style=\"text-align: justify;\"><strong><u>Ejercicio de derechos<\/u><\/strong><\/p>\n<p style=\"text-align: justify;\">Puede conocer y ejercer sus derechos en materia de protecci\u00f3n de datos accediendo a nuestra Pol\u00edtica de Privacidad.<\/p>\n<p style=\"text-align: justify;\"><strong>LEGISLACI\u00d3N APLICABLE<\/strong><\/p>\n<p style=\"text-align: justify;\">Las condiciones presentes se regir\u00e1n por la legislaci\u00f3n Europea y en este caso depender\u00e1 de la Autoridad de control, AEPD, legislaci\u00f3n espa\u00f1ola vigente.<br \/>\nLa lengua utilizada ser\u00e1 el castellano.<\/p>\n[\/mk_fancy_title][\/mk_custom_box][\/vc_column_inner][vc_column_inner width=&#8221;1\/12&#8243;][\/vc_column_inner][\/vc_row_inner][\/vc_column][\/mk_page_section]\n<\/div>","protected":false},"excerpt":{"rendered":"<p>[mk_page_section vertical_align=&#8221;bottom&#8221; bg_image=&#8221;https:\/\/patologiadual.es\/adcom2025\/wp-content\/uploads\/2020\/02\/bg-social-media-1.png&#8221; bg_color=&#8221;#ffffff&#8221; attachment=&#8221;fixed&#8221; bg_position=&#8221;center top&#8221; bg_repeat=&#8221;no-repeat&#8221; bg_stretch=&#8221;true&#8221; enable_3d=&#8221;true&#8221; min_height=&#8221;200&#8243; full_width=&#8221;true&#8221; padding_bottom=&#8221;30&#8243; top_shape_style=&#8221;curve-top&#8221; top_shape_size=&#8221;small&#8221; sidebar=&#8221;sidebar-1&#8243; first_page=&#8221;false&#8221; last_page=&#8221;false&#8221;][vc_column css=&#8221;.vc_custom_1573295620031{margin-bottom: -10px !important;border-bottom-width: -10px !important;padding-bottom: -10px !important;}&#8221;][vc_row_inner is_fullwidth_content=&#8221;false&#8221;][vc_column_inner width=&#8221;1\/12&#8243;][\/vc_column_inner][vc_column_inner width=&#8221;10\/12&#8243;][mk_custom_box corner_radius=&#8221;3&#8243; bg_color=&#8221;#ffffff&#8221; border_color_style=&#8221;single_color&#8221; border_color=&#8221;#d3d3d3&#8243;][mk_fancy_title color=&#8221;#4c86bd&#8221; size=&#8221;22&#8243; force_font_size=&#8221;true&#8221; size_smallscreen=&#8221;18&#8243; size_tablet=&#8221;18&#8243; size_phone=&#8221;18&#8243; line_height=&#8221;176&#8243; font_style=&#8221;normal&#8221; txt_transform=&#8221;none&#8221; margin_bottom=&#8221;0&#8243; font_family=&#8221;none&#8221; responsive_align=&#8221;left&#8221; drop_shadow=&#8221;true&#8221; shadow_distance=&#8221;10&#8243; shadow_blur=&#8221;34&#8243; shadow_color=&#8221;#ffffff&#8221;]Uso de cookies[\/mk_fancy_title][mk_fancy_title color=&#8221;#000000&#8243; size=&#8221;16&#8243; force_font_size=&#8221;true&#8221; size_smallscreen=&#8221;14&#8243; size_tablet=&#8221;14&#8243; [&hellip;]<\/p>\n","protected":false},"author":3297,"featured_media":0,"parent":0,"menu_order":0,"comment_status":"closed","ping_status":"closed","template":"","meta":{"footnotes":""},"class_list":["post-8964","page","type-page","status-publish","hentry"],"jetpack_sharing_enabled":true,"_links":{"self":[{"href":"https:\/\/patologiadual.es\/adcom2025\/wp-json\/wp\/v2\/pages\/8964","targetHints":{"allow":["GET"]}}],"collection":[{"href":"https:\/\/patologiadual.es\/adcom2025\/wp-json\/wp\/v2\/pages"}],"about":[{"href":"https:\/\/patologiadual.es\/adcom2025\/wp-json\/wp\/v2\/types\/page"}],"author":[{"embeddable":true,"href":"https:\/\/patologiadual.es\/adcom2025\/wp-json\/wp\/v2\/users\/3297"}],"replies":[{"embeddable":true,"href":"https:\/\/patologiadual.es\/adcom2025\/wp-json\/wp\/v2\/comments?post=8964"}],"version-history":[{"count":1,"href":"https:\/\/patologiadual.es\/adcom2025\/wp-json\/wp\/v2\/pages\/8964\/revisions"}],"predecessor-version":[{"id":8965,"href":"https:\/\/patologiadual.es\/adcom2025\/wp-json\/wp\/v2\/pages\/8964\/revisions\/8965"}],"wp:attachment":[{"href":"https:\/\/patologiadual.es\/adcom2025\/wp-json\/wp\/v2\/media?parent=8964"}],"curies":[{"name":"wp","href":"https:\/\/api.w.org\/{rel}","templated":true}]}}