{"id":8956,"date":"2023-03-25T11:17:30","date_gmt":"2023-03-25T11:17:30","guid":{"rendered":"https:\/\/patologiadual.es\/adcom2025\/?page_id=8956"},"modified":"2023-03-25T11:18:04","modified_gmt":"2023-03-25T11:18:04","slug":"politica-de-privacidad","status":"publish","type":"page","link":"https:\/\/patologiadual.es\/adcom2025\/politica-de-privacidad\/","title":{"rendered":"Pol\u00edtica de Privacidad"},"content":{"rendered":"<div class=\"wpb-content-wrapper\">[mk_page_section vertical_align=&#8221;bottom&#8221; bg_image=&#8221;https:\/\/patologiadual.es\/adcom2025\/wp-content\/uploads\/2020\/02\/bg-social-media-1.png&#8221; bg_color=&#8221;#ffffff&#8221; attachment=&#8221;fixed&#8221; bg_position=&#8221;center top&#8221; bg_repeat=&#8221;no-repeat&#8221; bg_stretch=&#8221;true&#8221; enable_3d=&#8221;true&#8221; min_height=&#8221;200&#8243; full_width=&#8221;true&#8221; padding_bottom=&#8221;30&#8243; top_shape_style=&#8221;curve-top&#8221; top_shape_size=&#8221;small&#8221; sidebar=&#8221;sidebar-1&#8243; first_page=&#8221;false&#8221; last_page=&#8221;false&#8221;][vc_column css=&#8221;.vc_custom_1573295620031{margin-bottom: -10px !important;border-bottom-width: -10px !important;padding-bottom: -10px !important;}&#8221;][vc_row_inner is_fullwidth_content=&#8221;false&#8221;][vc_column_inner width=&#8221;1\/12&#8243;][\/vc_column_inner][vc_column_inner width=&#8221;10\/12&#8243;][mk_custom_box corner_radius=&#8221;3&#8243; bg_color=&#8221;#ffffff&#8221; border_color_style=&#8221;single_color&#8221; border_color=&#8221;#d3d3d3&#8243;][mk_fancy_title color=&#8221;#4c86bd&#8221; size=&#8221;22&#8243; force_font_size=&#8221;true&#8221; size_smallscreen=&#8221;18&#8243; size_tablet=&#8221;18&#8243; size_phone=&#8221;18&#8243; line_height=&#8221;176&#8243; font_style=&#8221;normal&#8221; txt_transform=&#8221;none&#8221; margin_bottom=&#8221;0&#8243; font_family=&#8221;none&#8221; responsive_align=&#8221;left&#8221; drop_shadow=&#8221;true&#8221; shadow_distance=&#8221;10&#8243; shadow_blur=&#8221;34&#8243; shadow_color=&#8221;#ffffff&#8221;]Pol\u00edtica de Protecci\u00f3n de Datos &#8211; RGPD[\/mk_fancy_title][mk_fancy_title color=&#8221;#000000&#8243; size=&#8221;16&#8243; force_font_size=&#8221;true&#8221; size_smallscreen=&#8221;14&#8243; size_tablet=&#8221;14&#8243; size_phone=&#8221;14&#8243; line_height=&#8221;176&#8243; font_style=&#8221;normal&#8221; txt_transform=&#8221;none&#8221; margin_bottom=&#8221;0&#8243; font_family=&#8221;none&#8221; responsive_align=&#8221;left&#8221; drop_shadow=&#8221;true&#8221; shadow_distance=&#8221;10&#8243; shadow_blur=&#8221;34&#8243; shadow_color=&#8221;#ffffff&#8221;]\n<ol>\n<li style=\"text-align: justify;\"><strong>IDENTIFICACI\u00d3N Y DATOS DE CONTACTO DEL RESPONSABLE:<\/strong><\/li>\n<\/ol>\n<p style=\"text-align: justify;\">La Fundaci\u00f3n de Patolog\u00eda Dual (FPD), con domicilio en la Calle Castillo de Fuensalda\u00f1a, 4. Edificio Rozas Nova \u2013 Oficina 238. Las Rozas. Madrid, es la titular del sitio web www.adcom.com \u00a0y la responsable del tratamiento de sus datos personales.<\/p>\n<p style=\"text-align: justify;\">La FPD asume la obligaci\u00f3n de cumplir con la legislaci\u00f3n nacional y europea vigente en materia de protecci\u00f3n de datos [Reglamento UE 2016\/679, de 27 de abril de 2016, General de Protecci\u00f3n de Datos (RGPD) y Ley 3\/2018, de 5 de diciembre, de Protecci\u00f3n de Datos Personales y Garant\u00eda de los Derechos Digitales] y se compromete a tratar sus datos de manera l\u00edcita, leal y transparente, asegur\u00e1ndole que sus datos de car\u00e1cter personal se encuentran protegidos y que no se utilizar\u00e1n de forma indebida.<\/p>\n<p style=\"text-align: justify;\">Al facilitarnos sus datos personales y\/o utilizar nuestro sitio web, entendemos que ha le\u00eddo y comprendido la informaci\u00f3n en materia de protecci\u00f3n de datos de car\u00e1cter personal que se expone en la presente Pol\u00edtica de Privacidad.<\/p>\n<p style=\"text-align: justify;\">Puede contactar con la FPD en la direcci\u00f3n:\u00a0<a href=\"mailto:hola@fundacionpatologiadual.org\">hola@fundacionpatologiadual.org<\/a>\u00a0\u00a0\u00a0\u00a0\u00a0para cualquier cuesti\u00f3n relacionada con el tratamiento de sus datos personales.<\/p>\n<ol style=\"text-align: justify;\" start=\"2\">\n<li><strong>INFORMACI\u00d3N FACILITADA A LA FPD A TRAV\u00c9S DE LA CUMPLIMENTACI\u00d3N DE FORMULARIOS:<\/strong><\/li>\n<\/ol>\n<p style=\"text-align: justify;\">Todos los campos de los formularios de la web ser\u00e1n de obligada cumplimentaci\u00f3n, de modo que la omisi\u00f3n de alguno de ellos podr\u00eda comportar la imposibilidad de finalizar la ejecuci\u00f3n de la tramitaci\u00f3n iniciada.<\/p>\n<p style=\"text-align: justify;\">La informaci\u00f3n proporcionada deber\u00e1 ser exacta, ver\u00eddica, estar actualizada y no contener errores, debiendo comunicar a la FPD, a la mayor brevedad posible, las modificaciones y rectificaciones de sus datos de car\u00e1cter personal mediante el env\u00edo de un correo electr\u00f3nico a la direcci\u00f3n:\u00a0<a href=\"mailto:hola@fundacionpatologiadual.org\">hola@fundacionpatologiadual.org<\/a><\/p>\n<p style=\"text-align: justify;\">Asimismo, al pulsar el bot\u00f3n \u201cAcepto\u201d (o equivalente) incorporado en los formularios, declara que la informaci\u00f3n y los datos facilitados son exactos y veraces.<\/p>\n<ol style=\"text-align: justify;\" start=\"3\">\n<li><strong>INFORMACI\u00d3N GENERAL: DESCRIPCI\u00d3N DE LA INFORMACI\u00d3N CONTENIDA EN LA POL\u00cdTICA DE PRIVACIDAD<\/strong><\/li>\n<\/ol>\n<p style=\"text-align: justify;\">En la presente pol\u00edtica de privacidad figura cada uno de los diferentes tratamientos de datos realizados por la FPD, de la siguiente informaci\u00f3n:<\/p>\n<ol style=\"text-align: justify;\">\n<li>La categor\u00eda de datos personales objeto del tratamiento.<\/li>\n<li>Las finalidades del tratamiento de los datos personales.<\/li>\n<li>La legitimaci\u00f3n para el tratamiento de los datos personales para cada una de las finalidades indicadas.<\/li>\n<li>Los destinatarios de la comunicaci\u00f3n de los datos personales objeto de tratamiento.<\/li>\n<li>El plazo de conservaci\u00f3n de los datos personales objeto de tratamiento.<\/li>\n<\/ol>\n<p style=\"text-align: justify;\">En lo relativo a la comunicaci\u00f3n de datos personales a terceros, la FPD podr\u00e1 dar acceso a datos personales, de los que es responsable, a aquellos prestadores de servicios que act\u00faen como encargados de tratamiento de datos. Estas empresas solo tendr\u00e1n acceso a aquellos datos personales que sean necesarios para llevar a cabo los tr\u00e1mites requeridos, exigi\u00e9ndoles la FPD que mantengan la confidencialidad de toda la informaci\u00f3n personal de la que es responsable, sin que puedan utilizarla de ninguna forma. Asimismo, con el fin de elaborar estad\u00edsticas, la FPD podr\u00e1 proporcionar cierta informaci\u00f3n sobre los usuarios de forma disociada a terceros, incluyendo entre \u00e9stos a sus anunciantes.<\/p>\n<p style=\"text-align: justify;\"><u>Datos de contacto y consultas de la web<\/u><\/p>\n<ul style=\"text-align: justify;\">\n<li><em>Finalidad del tratamiento<\/em>: Gesti\u00f3n administrativa. Env\u00edo de informaci\u00f3n acerca de servicios, actividades, cursos y eventos de inter\u00e9s de la FPD. Tratamiento de datos recogidos a trav\u00e9s de los formularios de contacto de la web de la FPD para la gesti\u00f3n de consultas de Asesor\u00eda, Documentaci\u00f3n, Formaci\u00f3n y Publicaciones.<\/li>\n<li><em>Legitimaci\u00f3n para el tratamiento<\/em>: Consentimiento del interesado. Art\u00edculo 6.1.a) RGPD.<\/li>\n<li><em>Destinatarios:<\/em>\u00a0No se ceder\u00e1n datos a terceros, salvo obligaci\u00f3n legal.<\/li>\n<li><em>Plazo de conservaci\u00f3n<\/em>: Se conservar\u00e1n durante el tiempo necesario para cumplir con la finalidad para la que se recabaron y para determinar las posibles responsabilidades que se pudieran derivar de dicha finalidad y de su tratamiento.<\/li>\n<\/ul>\n<p style=\"text-align: justify;\"><u>Datos de donantes<\/u><\/p>\n<ul style=\"text-align: justify;\">\n<li><em>Finalidad del tratamiento<\/em>: Gestiones administrativas y fiscales: Cobro de cuotas\/donaciones, alta, control, emisi\u00f3n de recibos y certificados de donaciones. Mantenimiento, desarrollo, control y gesti\u00f3n de la relaci\u00f3n que se establezca entre la FPD y los donantes. Cumplimiento de las obligaciones legales. Env\u00edo de informaci\u00f3n acerca de servicios, actividades, cursos y eventos de inter\u00e9s de la FPD.<\/li>\n<li><em>Legitimaci\u00f3n para el tratamiento:<\/em>\u00a0Consentimiento del interesado. Art\u00edculo 6.1.a) RGPD. Tratamiento necesario para la ejecuci\u00f3n de un contrato en el que el interesado es parte o para la aplicaci\u00f3n a petici\u00f3n de \u00e9ste de medidas precontractuales.\u00a0 Art\u00edculo 6.1.b) RGPD.<\/li>\n<li><em>Destinatarios:<\/em>\u00a0No se ceder\u00e1n datos a terceros, salvo obligaci\u00f3n legal.<\/li>\n<li><em>Plazo de conservaci\u00f3n:<\/em>\u00a0Se conservar\u00e1n durante el tiempo necesario para cumplir con la finalidad para la que se recabaron y para determinar las posibles responsabilidades que se pudieran derivar de dicha finalidad y de su tratamiento. Una vez finalizado el anterior plazo, se conservar\u00e1n m\u00e1ximo 5 a\u00f1os por cuestiones de seguridad social y hasta 10 a\u00f1os por razones de posible blanqueo de capitales.<\/li>\n<\/ul>\n<p style=\"text-align: justify;\"><u>Registros de im\u00e1genes y voz<\/u><\/p>\n<ul>\n<li style=\"text-align: justify;\"><em>Finalidad del tratamiento<\/em>: Utilizaci\u00f3n en publicaciones y en p\u00e1ginas de la FPD. Composici\u00f3n de archivos y\/o videos gr\u00e1ficos elaborados para informar y\/o dar a conocer los servicios y actividades de la FPD.<\/li>\n<li style=\"text-align: justify;\"><em>Legitimaci\u00f3n para el tratamiento:<\/em>\u00a0Consentimiento del interesado. Art\u00edculo 6.1.a) RGPD. Estos datos se obtendr\u00e1n mediante fotograf\u00edas y\/o grabaciones de los asistentes a eventos, actividades y reuniones de la FPD.<\/li>\n<li style=\"text-align: justify;\"><em>Destinatarios:<\/em>\u00a0Podr\u00e1n cederse datos a las personas y entidades colaboradoras de la FPD en la organizaci\u00f3n de los eventos y actividades.<\/li>\n<li style=\"text-align: justify;\"><em>Plazo de conservaci\u00f3n:<\/em>\u00a0Se conservar\u00e1n durante el tiempo necesario para cumplir con la finalidad para la que se recabaron y para determinar las posibles responsabilidades que se pudieran derivar de dicha finalidad y de su tratamiento. En todo caso se salvaguardar\u00e1n los derechos de oposici\u00f3n y revocaci\u00f3n del consentimiento de los interesados.<\/li>\n<\/ul>\n[\/mk_fancy_title][\/mk_custom_box][\/vc_column_inner][vc_column_inner width=&#8221;1\/12&#8243;][\/vc_column_inner][\/vc_row_inner][\/vc_column][\/mk_page_section]\n<\/div>","protected":false},"excerpt":{"rendered":"<p>[mk_page_section vertical_align=&#8221;bottom&#8221; bg_image=&#8221;https:\/\/patologiadual.es\/adcom2025\/wp-content\/uploads\/2020\/02\/bg-social-media-1.png&#8221; bg_color=&#8221;#ffffff&#8221; attachment=&#8221;fixed&#8221; bg_position=&#8221;center top&#8221; bg_repeat=&#8221;no-repeat&#8221; bg_stretch=&#8221;true&#8221; enable_3d=&#8221;true&#8221; min_height=&#8221;200&#8243; full_width=&#8221;true&#8221; padding_bottom=&#8221;30&#8243; top_shape_style=&#8221;curve-top&#8221; top_shape_size=&#8221;small&#8221; sidebar=&#8221;sidebar-1&#8243; first_page=&#8221;false&#8221; last_page=&#8221;false&#8221;][vc_column css=&#8221;.vc_custom_1573295620031{margin-bottom: -10px !important;border-bottom-width: -10px !important;padding-bottom: -10px !important;}&#8221;][vc_row_inner is_fullwidth_content=&#8221;false&#8221;][vc_column_inner width=&#8221;1\/12&#8243;][\/vc_column_inner][vc_column_inner width=&#8221;10\/12&#8243;][mk_custom_box corner_radius=&#8221;3&#8243; bg_color=&#8221;#ffffff&#8221; border_color_style=&#8221;single_color&#8221; border_color=&#8221;#d3d3d3&#8243;][mk_fancy_title color=&#8221;#4c86bd&#8221; size=&#8221;22&#8243; force_font_size=&#8221;true&#8221; size_smallscreen=&#8221;18&#8243; size_tablet=&#8221;18&#8243; size_phone=&#8221;18&#8243; line_height=&#8221;176&#8243; font_style=&#8221;normal&#8221; txt_transform=&#8221;none&#8221; margin_bottom=&#8221;0&#8243; font_family=&#8221;none&#8221; responsive_align=&#8221;left&#8221; drop_shadow=&#8221;true&#8221; shadow_distance=&#8221;10&#8243; shadow_blur=&#8221;34&#8243; shadow_color=&#8221;#ffffff&#8221;]Pol\u00edtica de Protecci\u00f3n de Datos &#8211; RGPD[\/mk_fancy_title][mk_fancy_title color=&#8221;#000000&#8243; [&hellip;]<\/p>\n","protected":false},"author":3297,"featured_media":0,"parent":0,"menu_order":0,"comment_status":"closed","ping_status":"closed","template":"","meta":{"footnotes":""},"class_list":["post-8956","page","type-page","status-publish","hentry"],"jetpack_sharing_enabled":true,"_links":{"self":[{"href":"https:\/\/patologiadual.es\/adcom2025\/wp-json\/wp\/v2\/pages\/8956","targetHints":{"allow":["GET"]}}],"collection":[{"href":"https:\/\/patologiadual.es\/adcom2025\/wp-json\/wp\/v2\/pages"}],"about":[{"href":"https:\/\/patologiadual.es\/adcom2025\/wp-json\/wp\/v2\/types\/page"}],"author":[{"embeddable":true,"href":"https:\/\/patologiadual.es\/adcom2025\/wp-json\/wp\/v2\/users\/3297"}],"replies":[{"embeddable":true,"href":"https:\/\/patologiadual.es\/adcom2025\/wp-json\/wp\/v2\/comments?post=8956"}],"version-history":[{"count":4,"href":"https:\/\/patologiadual.es\/adcom2025\/wp-json\/wp\/v2\/pages\/8956\/revisions"}],"predecessor-version":[{"id":8960,"href":"https:\/\/patologiadual.es\/adcom2025\/wp-json\/wp\/v2\/pages\/8956\/revisions\/8960"}],"wp:attachment":[{"href":"https:\/\/patologiadual.es\/adcom2025\/wp-json\/wp\/v2\/media?parent=8956"}],"curies":[{"name":"wp","href":"https:\/\/api.w.org\/{rel}","templated":true}]}}