{"id":8824,"date":"2020-08-27T12:11:14","date_gmt":"2020-08-27T12:11:14","guid":{"rendered":"https:\/\/patologiadual.es\/adcom2025\/?page_id=8824"},"modified":"2025-06-02T21:55:50","modified_gmt":"2025-06-02T21:55:50","slug":"comite-y-ponentes","status":"publish","type":"page","link":"https:\/\/patologiadual.es\/adcom2025\/comite-y-ponentes\/","title":{"rendered":"Comit\u00e9 y Ponentes"},"content":{"rendered":"<div class=\"wpb-content-wrapper\">[mk_page_section attachment=&#8221;fixed&#8221; bg_position=&#8221;center center&#8221; bg_repeat=&#8221;no-repeat&#8221; bg_stretch=&#8221;true&#8221; enable_3d=&#8221;true&#8221; min_height=&#8221;200&#8243; full_width=&#8221;true&#8221; padding_top=&#8221;40&#8243; padding_bottom=&#8221;30&#8243; top_shape_style=&#8221;curve-top&#8221; top_shape_size=&#8221;small&#8221; sidebar=&#8221;sidebar-1&#8243; first_page=&#8221;false&#8221; last_page=&#8221;false&#8221;][vc_column css=&#8221;.vc_custom_1573295620031{margin-bottom: -10px !important;border-bottom-width: -10px !important;padding-bottom: -10px !important;}&#8221;][vc_row_inner is_fullwidth_content=&#8221;false&#8221;][vc_column_inner][mk_custom_box corner_radius=&#8221;3&#8243; padding_horizental=&#8221;55&#8243; bg_color=&#8221;#ffffff&#8221; border_color_style=&#8221;single_color&#8221; border_color=&#8221;#c9c9c9&#8243;][mk_fancy_title color=&#8221;#4c86bd&#8221; size=&#8221;22&#8243; force_font_size=&#8221;true&#8221; size_smallscreen=&#8221;18&#8243; size_tablet=&#8221;18&#8243; size_phone=&#8221;18&#8243; line_height=&#8221;176&#8243; font_style=&#8221;normal&#8221; txt_transform=&#8221;none&#8221; margin_bottom=&#8221;0&#8243; font_family=&#8221;none&#8221; responsive_align=&#8221;left&#8221; drop_shadow=&#8221;true&#8221; shadow_distance=&#8221;10&#8243; shadow_blur=&#8221;34&#8243; shadow_color=&#8221;#ffffff&#8221;]\n<h4>Comit\u00e9 Organizador<\/h4>\n[\/mk_fancy_title][mk_fancy_title color=&#8221;#000000&#8243; size=&#8221;16&#8243; force_font_size=&#8221;true&#8221; size_smallscreen=&#8221;14&#8243; size_tablet=&#8221;14&#8243; size_phone=&#8221;14&#8243; line_height=&#8221;176&#8243; font_style=&#8221;normal&#8221; txt_transform=&#8221;none&#8221; margin_bottom=&#8221;0&#8243; font_family=&#8221;none&#8221; responsive_align=&#8221;left&#8221; drop_shadow=&#8221;true&#8221; shadow_distance=&#8221;10&#8243; shadow_blur=&#8221;34&#8243; shadow_color=&#8221;#ffffff&#8221;]\n<blockquote>\n<p><strong>Presidente:&nbsp;<\/strong>Dr. Francisco Ferre<\/p>\n<p>Dr. Ignacio Basurte<br \/>\nDr. Nestor Szerman<br \/>\nDra. Beatriz Mes\u00edas<br \/>\nDr. Pablo Vega<br \/>\nDra Marisol Roncero<br \/>\nDr Ignacio Civeira<\/p>\n<\/blockquote>\n[\/mk_fancy_title][\/mk_custom_box][\/vc_column_inner][\/vc_row_inner][\/vc_column][\/mk_page_section][vc_row disable_element=&#8221;yes&#8221;][vc_column][mk_fancy_title color=&#8221;#4c86bd&#8221; size=&#8221;22&#8243; force_font_size=&#8221;true&#8221; size_smallscreen=&#8221;18&#8243; size_tablet=&#8221;18&#8243; size_phone=&#8221;18&#8243; line_height=&#8221;176&#8243; font_style=&#8221;normal&#8221; txt_transform=&#8221;none&#8221; margin_bottom=&#8221;0&#8243; font_family=&#8221;none&#8221; responsive_align=&#8221;left&#8221; drop_shadow=&#8221;true&#8221; shadow_distance=&#8221;10&#8243; shadow_blur=&#8221;34&#8243; shadow_color=&#8221;#ffffff&#8221;]\n<h4>Ponentes<\/h4>\n[\/mk_fancy_title][mk_fancy_title color=&#8221;#000000&#8243; size=&#8221;16&#8243; force_font_size=&#8221;true&#8221; size_smallscreen=&#8221;14&#8243; size_tablet=&#8221;14&#8243; size_phone=&#8221;14&#8243; line_height=&#8221;176&#8243; font_style=&#8221;normal&#8221; txt_transform=&#8221;none&#8221; margin_bottom=&#8221;0&#8243; font_family=&#8221;none&#8221; responsive_align=&#8221;left&#8221; drop_shadow=&#8221;true&#8221; shadow_distance=&#8221;10&#8243; shadow_blur=&#8221;34&#8243; shadow_color=&#8221;#ffffff&#8221;]\n<div id=\"col-379368188\" class=\"col medium-6 small-12 large-6\">\n<div class=\"col-inner\">\n<blockquote>\n<p>Dr. Ignacio Civeira. Psiquiatra AdCom<\/p>\n<p>Dr Francisco Ferre Psiquiatra. Co-Director del Instituto de Psiquiatr\u00eda y Salud Mental del Hospital Gregorio Mara\u00f1\u00f3n<\/p>\n<p>Prof. D\u00aa. Almudena Hernando Gonzalo. Catedr\u00e1tica de Prehistoria Universidad Complutense de Madrid<\/p>\n<p>Dra Rosa Molina. Psiquiatra del Hospital Cl\u00ednico San Carlos de Madrid. Divulgadora Cient\u00edfica. Influencer<\/p>\n<p>Dra Lola Peris. M\u00e9dico Psiquiatra<\/p>\n<p>Dr. Julio Prieto Montalvo Jefe Servicio de Neurofisiolog\u00eda del Hospital General Universitario Gregorio Mara\u00f1\u00f3n<\/p>\n<p>Dra. Marisol Roncero Rodr\u00edguez. Psiquiatra AdCom<\/p>\n<p>Dr Nestor Szerman. Psiquiatra. Presidente de la WADD<\/p>\n<\/blockquote>\n<\/div>\n<\/div>\n[\/mk_fancy_title][\/vc_column][\/vc_row]\n<\/div>","protected":false},"excerpt":{"rendered":"<p>[mk_page_section attachment=&#8221;fixed&#8221; bg_position=&#8221;center center&#8221; bg_repeat=&#8221;no-repeat&#8221; bg_stretch=&#8221;true&#8221; enable_3d=&#8221;true&#8221; min_height=&#8221;200&#8243; full_width=&#8221;true&#8221; padding_top=&#8221;40&#8243; padding_bottom=&#8221;30&#8243; top_shape_style=&#8221;curve-top&#8221; top_shape_size=&#8221;small&#8221; sidebar=&#8221;sidebar-1&#8243; first_page=&#8221;false&#8221; last_page=&#8221;false&#8221;][vc_column css=&#8221;.vc_custom_1573295620031{margin-bottom: -10px !important;border-bottom-width: -10px !important;padding-bottom: -10px !important;}&#8221;][vc_row_inner is_fullwidth_content=&#8221;false&#8221;][vc_column_inner][mk_custom_box corner_radius=&#8221;3&#8243; padding_horizental=&#8221;55&#8243; bg_color=&#8221;#ffffff&#8221; border_color_style=&#8221;single_color&#8221; border_color=&#8221;#c9c9c9&#8243;][mk_fancy_title color=&#8221;#4c86bd&#8221; size=&#8221;22&#8243; force_font_size=&#8221;true&#8221; size_smallscreen=&#8221;18&#8243; size_tablet=&#8221;18&#8243; size_phone=&#8221;18&#8243; line_height=&#8221;176&#8243; font_style=&#8221;normal&#8221; txt_transform=&#8221;none&#8221; margin_bottom=&#8221;0&#8243; font_family=&#8221;none&#8221; responsive_align=&#8221;left&#8221; drop_shadow=&#8221;true&#8221; shadow_distance=&#8221;10&#8243; shadow_blur=&#8221;34&#8243; shadow_color=&#8221;#ffffff&#8221;] Comit\u00e9 Organizador [\/mk_fancy_title][mk_fancy_title color=&#8221;#000000&#8243; size=&#8221;16&#8243; force_font_size=&#8221;true&#8221; size_smallscreen=&#8221;14&#8243; size_tablet=&#8221;14&#8243; size_phone=&#8221;14&#8243; line_height=&#8221;176&#8243; [&hellip;]<\/p>\n","protected":false},"author":3297,"featured_media":0,"parent":0,"menu_order":0,"comment_status":"closed","ping_status":"closed","template":"","meta":{"footnotes":""},"class_list":["post-8824","page","type-page","status-publish","hentry"],"jetpack_sharing_enabled":true,"_links":{"self":[{"href":"https:\/\/patologiadual.es\/adcom2025\/wp-json\/wp\/v2\/pages\/8824","targetHints":{"allow":["GET"]}}],"collection":[{"href":"https:\/\/patologiadual.es\/adcom2025\/wp-json\/wp\/v2\/pages"}],"about":[{"href":"https:\/\/patologiadual.es\/adcom2025\/wp-json\/wp\/v2\/types\/page"}],"author":[{"embeddable":true,"href":"https:\/\/patologiadual.es\/adcom2025\/wp-json\/wp\/v2\/users\/3297"}],"replies":[{"embeddable":true,"href":"https:\/\/patologiadual.es\/adcom2025\/wp-json\/wp\/v2\/comments?post=8824"}],"version-history":[{"count":22,"href":"https:\/\/patologiadual.es\/adcom2025\/wp-json\/wp\/v2\/pages\/8824\/revisions"}],"predecessor-version":[{"id":9234,"href":"https:\/\/patologiadual.es\/adcom2025\/wp-json\/wp\/v2\/pages\/8824\/revisions\/9234"}],"wp:attachment":[{"href":"https:\/\/patologiadual.es\/adcom2025\/wp-json\/wp\/v2\/media?parent=8824"}],"curies":[{"name":"wp","href":"https:\/\/api.w.org\/{rel}","templated":true}]}}