{"id":8693,"date":"2020-08-01T11:35:33","date_gmt":"2020-08-01T11:35:33","guid":{"rendered":"https:\/\/patologiadual.es\/adcom2025\/?page_id=8693"},"modified":"2025-09-25T10:29:59","modified_gmt":"2025-09-25T10:29:59","slug":"programa","status":"publish","type":"page","link":"https:\/\/patologiadual.es\/adcom2025\/programa\/","title":{"rendered":"Programa"},"content":{"rendered":"<div class=\"wpb-content-wrapper\">[mk_page_section vertical_align=&#8221;bottom&#8221; attachment=&#8221;fixed&#8221; bg_position=&#8221;center top&#8221; bg_repeat=&#8221;no-repeat&#8221; bg_stretch=&#8221;true&#8221; enable_3d=&#8221;true&#8221; min_height=&#8221;200&#8243; full_width=&#8221;true&#8221; padding_bottom=&#8221;30&#8243; top_shape_style=&#8221;curve-top&#8221; top_shape_size=&#8221;small&#8221; sidebar=&#8221;sidebar-1&#8243; first_page=&#8221;false&#8221; last_page=&#8221;false&#8221;][vc_column css=&#8221;.vc_custom_1573295620031{margin-bottom: -10px !important;border-bottom-width: -10px !important;padding-bottom: -10px !important;}&#8221;][vc_row_inner is_fullwidth_content=&#8221;false&#8221;][vc_column_inner width=&#8221;1\/12&#8243;][\/vc_column_inner][vc_column_inner width=&#8221;10\/12&#8243;][mk_custom_box corner_radius=&#8221;3&#8243; bg_color=&#8221;#ffffff&#8221; border_color_style=&#8221;single_color&#8221; border_color=&#8221;#d3d3d3&#8243;][vc_btn title=&#8221;Inscribirse ahora&#8221; color=&#8221;sky&#8221; css=&#8221;&#8221; link=&#8221;url:https%3A%2F%2Fpatologiadual.es%2Fadcom2025%2Finscripcion%2F|title:Inscripci%C3%B3n|target:_blank&#8221;][vc_column_text css=&#8221;.vc_custom_1758796188203{margin-bottom: 0px !important;}&#8221;]\n<h4>Mi\u00e9rcoles, 1 de Octubre de 2025<\/h4>\n<table style=\"border-collapse: collapse; width: 100%; height: 1021px;\">\n<tbody>\n<tr style=\"height: 24px;\">\n<td style=\"background-color: #f2f2f2; width: 14.4129%; text-align: left; vertical-align: top; height: 24px;\">Hora<\/td>\n<td style=\"text-align: left; vertical-align: top; background-color: #f2f2f2; width: 85.4092%; height: 24px;\">Actividad<\/td>\n<\/tr>\n<tr style=\"height: 104px;\">\n<td style=\"text-align: left; vertical-align: top; width: 14.4129%; height: 104px;\">9:00-10:00<\/td>\n<td style=\"text-align: left; vertical-align: top; width: 85.4092%; height: 104px;\"><strong><span style=\"color: #04a7ea;\">CONFERENCIA INAGURAL: <span style=\"font-size: 12pt;\"><b>Trastorno por Juego: Identificaci\u00f3n de factores de riesgo y respuesta al tratamiento<\/b><\/span><\/span><br \/>\n<\/strong>Modera: <b>Dr Francisco Ferre<\/b><b><i>.<\/i><\/b><i><span style=\"font-weight: 400;\"> Codirector IPSM Hospital General Universitario Gregorio Mara\u00f1\u00f3n.<\/span><\/i><span style=\"font-weight: 400;\"><strong>Dra. Susana Jim\u00e9nez Murcia.<\/strong> Jefa del Servicio de Psicolog\u00eda Cl\u00ednica y Directora de Programa de Juego Patol\u00f3gico y otras Adicciones Comportamentales, del Hosp.Univ. de Bellvitge, Barcelona<\/span><\/td>\n<\/tr>\n<tr style=\"height: 24px;\">\n<td style=\"text-align: left; vertical-align: top; width: 14.4129%; height: 24px;\"><\/td>\n<td style=\"text-align: left; vertical-align: top; width: 85.4092%; height: 24px;\">\n<hr style=\"border-top: 1px solid #C0C0C0; padding: 1px 4px 1px 4px;\" align=\"left\" size=\"1\">\n<\/td>\n<\/tr>\n<tr style=\"height: 96px;\">\n<td style=\"text-align: left; vertical-align: top; width: 14.4129%; height: 74px;\">10:00-10:30<\/td>\n<td style=\"text-align: left; vertical-align: top; width: 85.4092%; height: 74px;\">\n<p><strong><span style=\"color: #04a7ea;\">ACTO INAUGURAL:<\/span><\/strong><\/p>\n<p><span style=\"color: #000000;\">REPRESENTACI\u00d3N INSTITUCIONAL<\/span><\/p>\n<p>Modera: <strong> Francisco Ferre. <\/strong>Codirector IPSM Hospital General Universitario Gregorio Mara\u00f1\u00f3n<strong><br \/>\n<\/strong><\/td>\n<\/tr>\n<tr style=\"height: 48px;\">\n<td style=\"text-align: left; vertical-align: top; width: 14.4129%; height: 10px;\">10:30-12:00<\/td>\n<td style=\"text-align: left; vertical-align: top; width: 85.4092%; height: 10px;\">\n<p><span style=\"color: #04a7ea;\"><b>MESA 1: <\/b><\/span><\/p>\n<p><strong>TRASTORNOS EMERGENTES Y VULNERABILIDAD EN ADICCIONES COMPORTAMENTALES<\/strong><\/p>\n<p>Modera:<strong> Dra. Beatriz Mes\u00edas<\/strong>. Subdirectora General de Adicciones del Instituto de Adicciones Madrid Salud<\/td>\n<\/tr>\n<tr style=\"height: 24px;\">\n<td style=\"text-align: left; vertical-align: top; width: 14.4129%; height: 10px;\"><\/td>\n<td style=\"text-align: left; vertical-align: top; width: 85.4092%; height: 10px;\"><\/td>\n<\/tr>\n<tr style=\"height: 120px;\">\n<td style=\"text-align: left; vertical-align: top; width: 14.4129%; height: 120px;\"><\/td>\n<td style=\"text-align: left; vertical-align: top; width: 85.4092%; height: 120px;\">\n<p><span style=\"color: #04a7ea;\"><span style=\"color: #000000;\">PONENCIA 1<\/span><\/span><\/p>\n<p><strong><span style=\"color: #04a7ea;\"> <span style=\"color: #000000;\">\u201cTDAH y adicci\u00f3n a Videojuegos\u201d&nbsp;<\/span><\/span><\/strong><\/p>\n<p><strong>Dr. Ignacio Civeira Mar\u00edn. <\/strong>Psiquiatra Infantil del Centro AdCom IPSM<\/td>\n<\/tr>\n<tr style=\"height: 120px;\">\n<td style=\"text-align: left; vertical-align: top; width: 14.4129%; height: 120px;\"><\/td>\n<td style=\"text-align: left; vertical-align: top; width: 85.4092%; height: 120px;\">\n<p><span style=\"color: #04a7ea;\"><span style=\"color: #000000;\">PONENCIA 2<\/span><\/span><\/p>\n<p><strong><span style=\"color: #04a7ea;\"><span style=\"color: #000000;\">\u201cImpulsividad:&nbsp; <\/span><\/span>\u00bfSiempre presente en el trastorno por juego de apuestas?&#8221;<\/strong><\/p>\n<p><strong>Dr.&nbsp;Nestor Szerman. <\/strong><i><span style=\"font-weight: 400;\">Psiquiatra. Hospital Gregorio Mara\u00f1\u00f3n. Presidente de la WADD<\/span><\/i><\/td>\n<\/tr>\n<tr style=\"height: 120px;\">\n<td style=\"text-align: left; vertical-align: top; width: 14.4129%; height: 77px;\"><\/td>\n<td style=\"text-align: left; vertical-align: top; width: 85.4092%; height: 77px;\">\n<p>PONENCIA 3<\/p>\n<p><strong> \u201cModelos transdiagn\u00f3sticos: impulsividad, alteraciones del sue\u00f1o y vulnerabilidad adictiva en el TDAH\u201c<\/strong><br \/>\n<strong>Dr. Ignacio Basurte. <\/strong><span style=\"font-weight: 400;\">Psiquiatra. Director M\u00e9dico Cl\u00ednica Lopez Ibor<\/span><\/td>\n<\/tr>\n<tr style=\"height: 24px;\">\n<td style=\"text-align: left; vertical-align: top; width: 14.4129%; height: 24px;\">12:00-12:30<\/td>\n<td style=\"text-align: left; vertical-align: top; width: 85.4092%; height: 24px;\">\n<p><span style=\"color: #04a7ea;\">Pausa Caf\u00e9<\/span><\/p>\n<hr style=\"border-top: 1px solid #C0C0C0; padding: 1px 4px 1px 4px;\" align=\"left\" size=\"1\">\n<\/td>\n<\/tr>\n<tr style=\"height: 144px;\">\n<td style=\"text-align: left; vertical-align: top; width: 14.4129%; height: 86px;\">12:30-13:30<\/td>\n<td style=\"text-align: left; vertical-align: top; width: 85.4092%; height: 86px;\"><strong><span style=\"color: #04a7ea;\">MESA 2<\/span><\/strong><br \/>\n<strong>ADICCIONES MODERNAS, DEPRESIONES CLASICAS<\/strong>Modera: <strong>Dr. Ignacio Basurte Villamor.<\/strong> Director M\u00e9dico Cl\u00ednica Lopez Ibor &#8211; Madrid<\/td>\n<\/tr>\n<tr style=\"height: 144px;\">\n<td style=\"text-align: left; vertical-align: top; width: 14.4129%; height: 112px;\"><\/td>\n<td style=\"text-align: left; vertical-align: top; width: 85.4092%; height: 112px;\">\n<p>PONENCIA 1<\/p>\n<p><strong> \u201cDepresi\u00f3n y Compras Compulsivas\u201d<\/strong><\/p>\n<p><strong>Dra. Marisol Roncero Rodr\u00edguez.<\/strong> Psiquiatra Centro AdCom IPSM Hospital General Universitario Gregorio Mara\u00f1\u00f3n.<strong><br \/>\n<\/strong><\/td>\n<\/tr>\n<tr style=\"height: 96px;\">\n<td style=\"text-align: left; vertical-align: top; width: 14.4129%; height: 76px;\"><\/td>\n<td style=\"text-align: left; vertical-align: top; width: 85.4092%; height: 76px;\">\n<p>PONENCIA 2<\/p>\n<p><strong> \u201cDepresi\u00f3n y Redes Sociales\u201d<\/strong><\/p>\n<p><strong>Dra. Rosa Molina.<\/strong> Psiquiatra Hospital Cl\u00ednico San Carlos Madrid<\/td>\n<\/tr>\n<tr style=\"height: 48px;\">\n<td style=\"text-align: left; vertical-align: top; width: 14.4129%; height: 36px;\">13:30-14:30<\/td>\n<td style=\"text-align: left; vertical-align: top; width: 85.4092%; height: 36px;\">\n<p><strong><span style=\"color: #04a7ea;\">MESA 3 <\/span><\/strong><\/p>\n<p><strong><span style=\"color: #04a7ea;\"> <span style=\"color: #000000;\">PREVENCI\u00d3N Y DETECCI\u00d3N PRECOZ: ESTRATEGIAS FRENTE A LA VULNERABILIDAD<\/span><br \/>\n<\/span><\/strong><\/p>\n<p>Modera: <strong>Dra Mara Parellada.<\/strong> Jefa de Secci\u00f3n de Trastornos de Neurodesarrollo del IPSM 1I<\/td>\n<\/tr>\n<tr style=\"height: 72px;\">\n<td style=\"text-align: left; vertical-align: top; width: 14.4129%; height: 72px;\"><\/td>\n<td style=\"text-align: left; vertical-align: top; width: 85.4092%; height: 72px;\">\n<p>PONENCIA 1<\/p>\n<p><strong>\u201cLa era digital en la Primera Infancia: Efectos del exceso de pantallas en el desarrollo infantil\u201d<\/strong><\/p>\n<p><strong>Dra. Dominica D\u00edez Marcet.<\/strong> Hospital Sant Joan de D\u00e9u de Manresa<\/td>\n<\/tr>\n<tr style=\"height: 72px;\">\n<td style=\"text-align: left; vertical-align: top; width: 14.4129%; height: 52px;\"><\/td>\n<td style=\"text-align: left; vertical-align: top; width: 85.4092%; height: 52px;\">\n<p>PONENCIA 2<\/p>\n<p><strong>\u201cDetecci\u00f3n precoz y atenci\u00f3n temprana en contextos educativos y comunitarios\u201d<\/strong><\/p>\n<p><strong>Roc\u00edo Risquez.<\/strong> Coordinadora de los equipos de educaci\u00f3n social del Instituto de Adicciones de Madrid Salud. Entidad SP<\/p>\n<p>&nbsp;<\/p>\n<p><strong>14:30 \u2192&nbsp; Clausura de la jornada<\/strong><\/td>\n<\/tr>\n<\/tbody>\n<\/table>\n[\/vc_column_text][vc_column_text css=&#8221;.vc_custom_1726236541552{margin-bottom: 0px !important;}&#8221;]\n<h4><span style=\"color: #800000;\">Solicitados cr\u00e9ditos de formaci\u00f3n continuada<\/span><\/h4>\n[\/vc_column_text][vc_btn title=&#8221;inscribirse ahora&#8221; color=&#8221;sky&#8221; css=&#8221;&#8221; link=&#8221;url:https%3A%2F%2Fpatologiadual.es%2Fadcom2025%2Finscripcion%2F|title:Inscripci%C3%B3n|target:_blank&#8221;][\/mk_custom_box][\/vc_column_inner][vc_column_inner width=&#8221;1\/12&#8243;][\/vc_column_inner][\/vc_row_inner][\/vc_column][\/mk_page_section]\n<\/div>","protected":false},"excerpt":{"rendered":"<p>[mk_page_section vertical_align=&#8221;bottom&#8221; attachment=&#8221;fixed&#8221; bg_position=&#8221;center top&#8221; bg_repeat=&#8221;no-repeat&#8221; bg_stretch=&#8221;true&#8221; enable_3d=&#8221;true&#8221; min_height=&#8221;200&#8243; full_width=&#8221;true&#8221; padding_bottom=&#8221;30&#8243; top_shape_style=&#8221;curve-top&#8221; top_shape_size=&#8221;small&#8221; sidebar=&#8221;sidebar-1&#8243; first_page=&#8221;false&#8221; last_page=&#8221;false&#8221;][vc_column css=&#8221;.vc_custom_1573295620031{margin-bottom: -10px !important;border-bottom-width: -10px !important;padding-bottom: -10px !important;}&#8221;][vc_row_inner is_fullwidth_content=&#8221;false&#8221;][vc_column_inner width=&#8221;1\/12&#8243;][\/vc_column_inner][vc_column_inner width=&#8221;10\/12&#8243;][mk_custom_box corner_radius=&#8221;3&#8243; bg_color=&#8221;#ffffff&#8221; border_color_style=&#8221;single_color&#8221; border_color=&#8221;#d3d3d3&#8243;][vc_btn title=&#8221;Inscribirse ahora&#8221; color=&#8221;sky&#8221; css=&#8221;&#8221; link=&#8221;url:https%3A%2F%2Fpatologiadual.es%2Fadcom2025%2Finscripcion%2F|title:Inscripci%C3%B3n|target:_blank&#8221;][vc_column_text css=&#8221;.vc_custom_1758796188203{margin-bottom: 0px !important;}&#8221;] Mi\u00e9rcoles, 1 de Octubre de 2025 Hora Actividad 9:00-10:00 CONFERENCIA INAGURAL: Trastorno por Juego: Identificaci\u00f3n de factores [&hellip;]<\/p>\n","protected":false},"author":3297,"featured_media":0,"parent":0,"menu_order":0,"comment_status":"closed","ping_status":"closed","template":"","meta":{"footnotes":""},"class_list":["post-8693","page","type-page","status-publish","hentry"],"jetpack_sharing_enabled":true,"_links":{"self":[{"href":"https:\/\/patologiadual.es\/adcom2025\/wp-json\/wp\/v2\/pages\/8693","targetHints":{"allow":["GET"]}}],"collection":[{"href":"https:\/\/patologiadual.es\/adcom2025\/wp-json\/wp\/v2\/pages"}],"about":[{"href":"https:\/\/patologiadual.es\/adcom2025\/wp-json\/wp\/v2\/types\/page"}],"author":[{"embeddable":true,"href":"https:\/\/patologiadual.es\/adcom2025\/wp-json\/wp\/v2\/users\/3297"}],"replies":[{"embeddable":true,"href":"https:\/\/patologiadual.es\/adcom2025\/wp-json\/wp\/v2\/comments?post=8693"}],"version-history":[{"count":110,"href":"https:\/\/patologiadual.es\/adcom2025\/wp-json\/wp\/v2\/pages\/8693\/revisions"}],"predecessor-version":[{"id":9441,"href":"https:\/\/patologiadual.es\/adcom2025\/wp-json\/wp\/v2\/pages\/8693\/revisions\/9441"}],"wp:attachment":[{"href":"https:\/\/patologiadual.es\/adcom2025\/wp-json\/wp\/v2\/media?parent=8693"}],"curies":[{"name":"wp","href":"https:\/\/api.w.org\/{rel}","templated":true}]}}