{"id":8048,"date":"2019-11-24T16:10:03","date_gmt":"2019-11-24T16:10:03","guid":{"rendered":"https:\/\/patologiadual.es\/adcom2025\/?page_id=8048"},"modified":"2025-06-16T10:33:26","modified_gmt":"2025-06-16T10:33:26","slug":"bienvenida","status":"publish","type":"page","link":"https:\/\/patologiadual.es\/adcom2025\/bienvenida\/","title":{"rendered":"Bienvenida"},"content":{"rendered":"<div class=\"wpb-content-wrapper\">[mk_page_section attachment=&#8221;fixed&#8221; bg_position=&#8221;center top&#8221; bg_repeat=&#8221;no-repeat&#8221; bg_stretch=&#8221;true&#8221; enable_3d=&#8221;true&#8221; min_height=&#8221;200&#8243; padding_top=&#8221;40&#8243; padding_bottom=&#8221;30&#8243; top_shape_style=&#8221;curve-top&#8221; top_shape_size=&#8221;small&#8221; sidebar=&#8221;sidebar-1&#8243; first_page=&#8221;false&#8221; last_page=&#8221;false&#8221;][vc_column css=&#8221;.vc_custom_1573295620031{margin-bottom: -10px !important;border-bottom-width: -10px !important;padding-bottom: -10px !important;}&#8221;][vc_row_inner attached=&#8221;true&#8221; is_fullwidth_content=&#8221;false&#8221; column_padding=&#8221;2&#8243; css=&#8221;.vc_custom_1718557195149{border-top-width: 1px !important;border-bottom-width: 1px !important;border-left-width: 1px !important;padding-right: 1px !important;background-color: #ffffff !important;border-left-style: solid !important;border-top-style: solid !important;border-bottom-style: solid !important;border-radius: 3px !important;border-color: #e8e8e8 !important;}&#8221;][vc_column_inner][vc_column_text css=&#8221;.vc_custom_1750069314173{margin-bottom: 0px !important;}&#8221;]\n<h4>Bienvenidos a las Jornadas de Adicciones Comportamentales y G\u00e9nero!<\/h4>\n<h4>ADCO<span style=\"color: #cf0404;\">M<\/span>2025<\/h4>\n[\/vc_column_text][vc_column_text css=&#8221;.vc_custom_1750070004198{margin-bottom: 0px !important;}&#8221;]<span style=\"font-weight: 400;\">Desde el Comit\u00e9 Organizador de AdCom 2025 queremos daros la bienvenida y animaros a compartir con nosotros un a\u00f1o m\u00e1s este espacio de encuentro cient\u00edfico en torno a las Adicciones Comportamentales. Desde hace algo m\u00e1s de 10 a\u00f1os un grupo de colegas de distintas instituciones : Instituto de Psiquiatr\u00eda y Salud Mental del Hospital Gregorio Mara\u00f1\u00f3n, Instituto de Adicciones de Madrid Salud, la Sociedad Espa\u00f1ola de Patolog\u00eda Dual y m\u00e1s recientemente la Cl\u00ednica L\u00f3pez Ibor, la Fundaci\u00f3n de Patolog\u00eda Dual y la WADD, intentamos actualizar los conocimientos y avances cient\u00edficos en el campo de las adicciones comportamentales y la patolog\u00eda dual que es una condici\u00f3n inherente a la evoluci\u00f3n de los pacientes con estas adicciones.<\/span><\/p>\n<p>&nbsp;<\/p>\n<div style=\"width: 1140px;\" class=\"wp-video\"><!--[if lt IE 9]><script>document.createElement('video');<\/script><![endif]-->\n<video class=\"wp-video-shortcode\" id=\"video-8048-1\" width=\"1140\" height=\"641\" preload=\"metadata\" controls=\"controls\"><source type=\"video\/mp4\" src=\"https:\/\/patologiadual.es\/adcom2025\/wp-content\/uploads\/2025\/06\/video-presentacion-adcom-2025-1-1-1.mp4?_=1\" \/><a href=\"https:\/\/patologiadual.es\/adcom2025\/wp-content\/uploads\/2025\/06\/video-presentacion-adcom-2025-1-1-1.mp4\">https:\/\/patologiadual.es\/adcom2025\/wp-content\/uploads\/2025\/06\/video-presentacion-adcom-2025-1-1-1.mp4<\/a><\/video><\/div>\n<p>&nbsp;<\/p>\n<p><span style=\"font-weight: 400;\">En esta edici\u00f3n 2025 hemos querido reunir expertos cl\u00ednicos e investigadores que hagan una actualizaci\u00f3n de los hallazgos y avances m\u00e1s recientes en la patolog\u00eda dual de las adicciones comportamentales : las alteraciones del sue\u00f1o, la depresi\u00f3n, la impulsividad y&nbsp; el trastorno por d\u00e9ficit de atenci\u00f3n. Adem\u00e1s hemos destinado un espacio a la etapa infantil&nbsp; abordando los efectos del abuso de pantallas en su desarrollo y las estrategias de prevenci\u00f3n posibles.<\/span><\/p>\n<p><span style=\"font-weight: 400;\">En definitiva os invitamos a acompa\u00f1arnos en el camino de la profundizaci\u00f3n en el conocimiento de un , cada vez m\u00e1s importante, \u00e1mbito de nuestra actuaci\u00f3n profesional.<\/span><\/p>\n<p><span style=\"font-weight: 400;\">Os esperamos el pr\u00f3ximo 1 de octubre en el Sal\u00f3n de Actos del pabell\u00f3n docente del Hospital Gregorio Mara\u00f1\u00f3n de Madrid<\/span><\/p>\n<p><span style=\"font-weight: 400;\">Saludos cordiales<\/span>[\/vc_column_text][\/vc_column_inner][\/vc_row_inner][vc_row_inner attached=&#8221;true&#8221; is_fullwidth_content=&#8221;false&#8221; column_padding=&#8221;2&#8243; disable_element=&#8221;yes&#8221; css=&#8221;.vc_custom_1722343895848{border-top-width: 1px !important;border-bottom-width: 1px !important;border-left-width: 1px !important;padding-right: 1px !important;background-color: #ffffff !important;border-left-style: solid !important;border-top-style: solid !important;border-bottom-style: solid !important;border-radius: 3px !important;border-color: #e8e8e8 !important;}&#8221;][vc_column_inner width=&#8221;1\/4&#8243;][\/vc_column_inner][vc_column_inner width=&#8221;1\/4&#8243;][\/vc_column_inner][vc_column_inner width=&#8221;1\/4&#8243;][\/vc_column_inner][\/vc_row_inner][\/vc_column][\/mk_page_section][vc_row][vc_column][mk_custom_box][\/mk_custom_box][\/vc_column][\/vc_row]\n<\/div>","protected":false},"excerpt":{"rendered":"<p>[mk_page_section attachment=&#8221;fixed&#8221; bg_position=&#8221;center top&#8221; bg_repeat=&#8221;no-repeat&#8221; bg_stretch=&#8221;true&#8221; enable_3d=&#8221;true&#8221; min_height=&#8221;200&#8243; padding_top=&#8221;40&#8243; padding_bottom=&#8221;30&#8243; top_shape_style=&#8221;curve-top&#8221; top_shape_size=&#8221;small&#8221; sidebar=&#8221;sidebar-1&#8243; first_page=&#8221;false&#8221; last_page=&#8221;false&#8221;][vc_column css=&#8221;.vc_custom_1573295620031{margin-bottom: -10px !important;border-bottom-width: -10px !important;padding-bottom: -10px !important;}&#8221;][vc_row_inner attached=&#8221;true&#8221; is_fullwidth_content=&#8221;false&#8221; column_padding=&#8221;2&#8243; css=&#8221;.vc_custom_1718557195149{border-top-width: 1px !important;border-bottom-width: 1px !important;border-left-width: 1px !important;padding-right: 1px !important;background-color: #ffffff !important;border-left-style: solid !important;border-top-style: solid !important;border-bottom-style: solid !important;border-radius: 3px !important;border-color: #e8e8e8 !important;}&#8221;][vc_column_inner][vc_column_text css=&#8221;.vc_custom_1750069314173{margin-bottom: 0px !important;}&#8221;] Bienvenidos a las Jornadas de Adicciones [&hellip;]<\/p>\n","protected":false},"author":3297,"featured_media":0,"parent":0,"menu_order":0,"comment_status":"closed","ping_status":"closed","template":"","meta":{"footnotes":""},"class_list":["post-8048","page","type-page","status-publish","hentry"],"jetpack_sharing_enabled":true,"_links":{"self":[{"href":"https:\/\/patologiadual.es\/adcom2025\/wp-json\/wp\/v2\/pages\/8048","targetHints":{"allow":["GET"]}}],"collection":[{"href":"https:\/\/patologiadual.es\/adcom2025\/wp-json\/wp\/v2\/pages"}],"about":[{"href":"https:\/\/patologiadual.es\/adcom2025\/wp-json\/wp\/v2\/types\/page"}],"author":[{"embeddable":true,"href":"https:\/\/patologiadual.es\/adcom2025\/wp-json\/wp\/v2\/users\/3297"}],"replies":[{"embeddable":true,"href":"https:\/\/patologiadual.es\/adcom2025\/wp-json\/wp\/v2\/comments?post=8048"}],"version-history":[{"count":72,"href":"https:\/\/patologiadual.es\/adcom2025\/wp-json\/wp\/v2\/pages\/8048\/revisions"}],"predecessor-version":[{"id":9363,"href":"https:\/\/patologiadual.es\/adcom2025\/wp-json\/wp\/v2\/pages\/8048\/revisions\/9363"}],"wp:attachment":[{"href":"https:\/\/patologiadual.es\/adcom2025\/wp-json\/wp\/v2\/media?parent=8048"}],"curies":[{"name":"wp","href":"https:\/\/api.w.org\/{rel}","templated":true}]}}